{"id":11,"date":"2016-03-13T00:47:35","date_gmt":"2016-03-12T23:47:35","guid":{"rendered":"http:\/\/www.ps4-morpheus.com\/?page_id=11"},"modified":"2016-03-13T00:47:35","modified_gmt":"2016-03-12T23:47:35","slug":"allison-road-vr-aktuelle-news-zu-playstation-vr-spiele-allison-road-ps4-virtual-reality-spiel-ps4-morpheus","status":"publish","type":"page","link":"https:\/\/12websolutionsmarketing.com\/ps4morpheus-gaming\/ps4-vr-spiele\/allison-road-vr-aktuelle-news-zu-playstation-vr-spiele-allison-road-ps4-virtual-reality-spiel-ps4-morpheus\/","title":{"rendered":"Allison Road VR &#8211; Aktuelle News zu Playstation VR Spiele &#8211; Allison Road PS4 Virtual Reality Spiel &#8211; PS4 Morpheus"},"content":{"rendered":"<p>Allison Road VR &#8211; Aktuelle News zu Playstation VR Spiele &#8211; Allison Road PS4 Virtual Reality Spiel &#8211; PS4 Morpheus. Allison Road Virtual Reality soll im Stil von PT oder auch Silent Hills stehen und als\u00a0 Playstation VR Spiel f\u00fcr die PS4 VR Brille von Sony erscheinen. Konami nahm vor geraumer Zeit die Demo des Spiels PT aus dem Playstation Store und beendete damit das PS4 VR Spiele Projekt und die zusammenarbeit mit Hideo Kojima, bekannt durch die Spiel Reihe Metal Gear Solid. Jetzt weiterlesen um alles \u00fcber das PS4 VR Spiel Allison Road zu erfahren.<\/p>\n<figure id=\"attachment_256\" aria-describedby=\"caption-attachment-256\" style=\"width: 1014px\" class=\"wp-caption aligncenter\"><img fetchpriority=\"high\" decoding=\"async\" class=\"wp-image-256 size-full\" src=\"http:\/\/12websolutionsmarketing.com\/ps4morpheus-gaming\/wp-content\/uploads\/sites\/9\/2016\/03\/Allison-Road-VR.jpg\" alt=\"Allison Road VR\" width=\"1024\" height=\"576\" srcset=\"https:\/\/12websolutionsmarketing.com\/ps4morpheus-gaming\/wp-content\/uploads\/sites\/9\/2016\/03\/Allison-Road-VR.jpg 1024w, https:\/\/12websolutionsmarketing.com\/ps4morpheus-gaming\/wp-content\/uploads\/sites\/9\/2016\/03\/Allison-Road-VR-300x169.jpg 300w, https:\/\/12websolutionsmarketing.com\/ps4morpheus-gaming\/wp-content\/uploads\/sites\/9\/2016\/03\/Allison-Road-VR-768x432.jpg 768w\" sizes=\"(max-width: 1024px) 100vw, 1024px\" \/><figcaption id=\"caption-attachment-256\" class=\"wp-caption-text\">Allison Road PS4 Virtual Reality Spiel<\/figcaption><\/figure>\n<h2>Allison Road VR &#8211; Aktuelle News zu Playstation VR Spiele &#8211; Allison Road PS4 Virtual Reality Spiel &#8211; PS4 Morpheus<\/h2>\n<p><span style=\"text-decoration: underline\">Aktuelle News zu Playstation VR Spiele<\/span> verraten uns, dass ein sechs- K\u00f6pfiges Entwickler Team aus London Namens Lilith Ltd es sich zur Aufgabe gemacht hat die durch Konami verursacht L\u00fccke im Horror Genre zu f\u00fcllen. Nun soll\u00a0mit dem neuen Allison Road PS4 Virtual Reality Spiel \u00a0 der VR Markt aufger\u00e4umt werden. Das Team von Lilith Ltd will mit dem\u00a0 Horror PS4 VR Spiel Allison Road nun das beenden was Konami mit P.T. begonnen und das Kunstwerk f\u00fcr die Playstation VR brille beenden.<\/p>\n<p><strong>Allison Road PS4 Virtual Reality Spiel<\/strong> wird dem Genre und der Inspiration des Horror Adventures P.T. nachempfunden, welches durch das kleine Entwickler Team von Lillith Ltd entwickelt wird. Bereits seit September 2014 wird an dem Horror Adventure <span style=\"text-decoration: underline\">Allison Road VR<\/span> f\u00fcr die Playstation VR Brille entwickelt. Es ist zu erwarten, dass die \u00c4hnlichkeit zu P.T. oder auch Silent Hills stark ausgepr\u00e4gt sein wird. Da <em>Allison Road VR<\/em> ein Ableger der Demo P.T. sein wird.<\/p>\n<p><span class=\"embed-youtube\" style=\"text-align:center; display: block;\"><iframe class=\"youtube-player\" width=\"1200\" height=\"675\" src=\"https:\/\/www.youtube.com\/embed\/hi26y8PQ9Xc?version=3&#038;rel=1&#038;showsearch=0&#038;showinfo=1&#038;iv_load_policy=1&#038;fs=1&#038;hl=de-DE&#038;autohide=2&#038;wmode=transparent\" allowfullscreen=\"true\" style=\"border:0;\" sandbox=\"allow-scripts allow-same-origin allow-popups allow-presentation\"><\/iframe><\/span><\/p>\n<p>Im Moment befindet sich der PS4 VR Spiele Titel noch in der Testphase doch<strong> aktuelle News zu Playstation VR Spiele<\/strong>\u00a0lassen anhand des nun ver\u00f6ffentlichtes Video Material bereits erkennen, dass der Titel schon jetzt ein absolutes Playstation VR Games Erlebnis sein wird, auf das wir uns alle sehr freuen d\u00fcrfen.<\/p>\n<p>Das <a href=\"https:\/\/www.youtube.com\/watch?v=__i_LoRKhJ0\">Videomaterial zu Allison Road VR<\/a> was nun auf dem offiziellen Youtube Kanal von Lillth ldt ver\u00f6ffentlicht wurde, ist nicht nur ein normaler Trailer wie wir ihn von andern Spielen kennen, sondern ein <em>PS4 VR Spiele <\/em> Gameplay Trailer der 15 min andauert. Dieses dient als Promotion Material f\u00fcr Grafik, Details und Texturen, welches die\u00a0gesamte Aufmachung des VR Spiels offenbart. Dieser <em>PS4 VR Spiele<\/em> Video Trailer ist allerdings von den Entwicklern neu entwickelt worden um nichts von der Geschichte Preis geben zu m\u00fcssen. Es beginnt damit das der Protagonist mitten in der Nacht in einem Haus aufwacht, wo er nun die Geschehnisse an diesem Ort ergr\u00fcnden muss. Wie schon auf den ersten Blick zu erkennen ist haben die Entwickler viel Wert auf Realismus gelegt, wie unschwer an den Details des virtuellen Raumes zu erkennen ist. Am Anfang des Videos f\u00fchlt sich alles noch sehr sanft an, da der Titel wie auch andere Horror Adventure von der Atmosph\u00e4re des D\u00fcsteren lebt. Mehr wollen wir euch aber nicht \u00fcber Allison Road verraten seht euch den Trailer einfach selbst an.<\/p>\n<p>Das Vorbild f\u00fcr das bald erscheinende Spiel ist also P.T. Und auf der Playstation VR Brille wird dies ein ganz neues Spielerebnis werden.<\/p>\n<p>Die Details in dem Horror Spiel deuten bereits an, dass in dem Titel fotorealistisch und glaubw\u00fcrdig an der PS4 VR Spielwelt gearbeitet wird. Aktuelle News zu Playstation VR Spiele besagen wurde klar: Einer der Entwickler bereits am Film Avatar\u00a0arbeitete und k\u00fcmmert sich nun um das Auftreten von Allison Road. Die Spielergemeinschaft kann sich also auf mit Blut beschmierte W\u00e4nde, dunkle Gassen und \u00e4hnliche aus dem Horror Genre stammende Gebiete einstellen. In einem Haus mit d\u00fcsterer Atmosph\u00e4re soll das haupts\u00e4chlich Spielgeschehen stattfinden. Die Spielwelt soll mit Fortgang des Spielgeschehens irrationaler, irritierender und verst\u00f6rend auf den Spieler wirken. fl\u00fcsternder und oft unverst\u00e4ndliche Stimmen sollen den Spieler regelrecht in den Wahnsinn treiben.<\/p>\n<p><a href=\"https:\/\/de.wikipedia.org\/wiki\/Silent_Hill\">Das sagt Wikipedia zu Silent Hills:<\/a><\/p>\n<blockquote><p><b>Silent Hill<\/b> (<a title=\"Japanische Schrift\" href=\"https:\/\/de.wikipedia.org\/wiki\/Japanische_Schrift\">jap.<\/a> <span lang=\"ja\" xml:lang=\"ja\">\u30b5\u30a4\u30ec\u30f3\u30c8\u30d2\u30eb<\/span>, <i>Sairento Hiru<\/i>) ist eine <a title=\"Survival Horror\" href=\"https:\/\/de.wikipedia.org\/wiki\/Survival_Horror\">Survival-Horror<\/a>-Videospielreihe von <a title=\"Konami\" href=\"https:\/\/de.wikipedia.org\/wiki\/Konami\">Konami<\/a>. Der erste Teil der Serie erschien 1999 w\u00e4hrend der Survival-Horror-Spiel-Welle, die <a title=\"Capcom\" href=\"https:\/\/de.wikipedia.org\/wiki\/Capcom\">Capcoms<\/a> <i><a title=\"Resident Evil\" href=\"https:\/\/de.wikipedia.org\/wiki\/Resident_Evil\">Resident Evil<\/a><\/i>ausgel\u00f6st hatte. Die Geschichte der verschiedenen Teile dreht sich um die Kleinstadt <i>Silent Hill<\/i>.<\/p><\/blockquote>\n<h3>Allison Road VR &#8211; Aktuelle News zu Playstation VR Spiele &#8211; Allison Road PS4 Virtual Reality Spiel &#8211; PS4 Morpheus<\/h3>\n<p>Das sind aktuelle News zu Playstation VR Spiele<\/p>\n<ul>\n<li>Allison Road VR Lilith Ltd ist der Entwickler in London<\/li>\n<li>fotorealistisch und glaubw\u00fcrdig Spielwelt<\/li>\n<li>Vorbild zu\u00a0Allison Road PS4 Virtual Reality Spiel war PT<\/li>\n<li>Horror Factor ist gegeben<\/li>\n<li>Atemberaubende Atmosph\u00e4re im Spiel<\/li>\n<li>Release ist noch nicht bekannt von Allison Road VR<\/li>\n<\/ul>\n<figure id=\"attachment_264\" aria-describedby=\"caption-attachment-264\" style=\"width: 590px\" class=\"wp-caption aligncenter\"><img decoding=\"async\" class=\"wp-image-264 size-full\" src=\"http:\/\/12websolutionsmarketing.com\/ps4morpheus-gaming\/wp-content\/uploads\/sites\/9\/2016\/03\/Aktuelle-News-zu-Playstation-VR-Spiele.jpg\" alt=\"Aktuelle News zu Playstation VR Spiele\" width=\"600\" height=\"338\" srcset=\"https:\/\/12websolutionsmarketing.com\/ps4morpheus-gaming\/wp-content\/uploads\/sites\/9\/2016\/03\/Aktuelle-News-zu-Playstation-VR-Spiele.jpg 600w, https:\/\/12websolutionsmarketing.com\/ps4morpheus-gaming\/wp-content\/uploads\/sites\/9\/2016\/03\/Aktuelle-News-zu-Playstation-VR-Spiele-300x169.jpg 300w\" sizes=\"(max-width: 600px) 100vw, 600px\" \/><figcaption id=\"caption-attachment-264\" class=\"wp-caption-text\">Aktuelle News zu Playstation VR Spiele<\/figcaption><\/figure>\n<p>Liebevoll gestaltet wurde die Umgebung des\u00a0<span style=\"text-decoration: underline\">Allison Road PS4 Virtual Reality Spiel.<\/span>\u00a0Badezimmer, Wohnzimmer, sowie Vorgarten sind sehr detailreich gestaltet worden. Fotorealistisch sind selbst Kleinigkeiten, B\u00fccher, DVD, Wanduhr alles wurde sehr gut umgesetzt. Die ersten Hinweise auf einen Totschlag werden dem Protagonisten gezeigt nach dem er die Aspirin gefunden hat. Das Spielgeschehen wird voran getrieben, dies geht \u00fcber simples Entdecken von Gegenst\u00e4nden, Blut an Decken und W\u00e4nden, es herrscht ein absolutes Chaos. Gegenst\u00e4nde wie Notizen, Fotos, Zeitschriften werden aufgenommen und inspiziert, sie zeigen ungew\u00f6hnliche Texte und Zeichnungen. F\u00fcnf Tage lang soll der Spieler zunehmend irritierter das Spielgeschehen empfinden,aber das soll nur der Anfang vom\u00a0<em>Allison Road PS4 Virtual Reality Spiel<\/em> sein. Geisterstimmen, Stromausf\u00e4lle und die zum\u00a0Tode getriebene Frau namens Lily, welche uns immer wieder besuchen wird. Wie dies alles zusammen passen soll wird leider noch nicht verraten <em>Aktuelle News zu Playstation VR Spiele<\/em>\u00a0deuten an,\u00a0dass das Haus selbst aber eine nicht zu untersch\u00e4tzende Rolle spielen wird.<\/p>\n<p><img decoding=\"async\" class=\"aligncenter wp-image-258 size-full\" src=\"http:\/\/12websolutionsmarketing.com\/ps4morpheus-gaming\/wp-content\/uploads\/sites\/9\/2016\/03\/Allison-Road-PS4-Virtual-Reality-Spiel.jpg\" alt=\"Allison Road PS4 Virtual Reality Spiel\" width=\"1024\" height=\"576\" srcset=\"https:\/\/12websolutionsmarketing.com\/ps4morpheus-gaming\/wp-content\/uploads\/sites\/9\/2016\/03\/Allison-Road-PS4-Virtual-Reality-Spiel.jpg 1024w, https:\/\/12websolutionsmarketing.com\/ps4morpheus-gaming\/wp-content\/uploads\/sites\/9\/2016\/03\/Allison-Road-PS4-Virtual-Reality-Spiel-300x169.jpg 300w, https:\/\/12websolutionsmarketing.com\/ps4morpheus-gaming\/wp-content\/uploads\/sites\/9\/2016\/03\/Allison-Road-PS4-Virtual-Reality-Spiel-768x432.jpg 768w\" sizes=\"(max-width: 1024px) 100vw, 1024px\" \/><\/p>\n<p>Auf 0815 Schockeffekte will der Entwickler verzichten in dem Allison Road PS4 Virtual Reality Spiel man will mit der eigenen Psyche Angst und\u00a0Furcht verbreiten. Fl\u00fcsternde und oft unverst\u00e4ndliche Stimmen sollen den Spieler regelrecht in den Wahnsinn treiben, doch auf Blut an W\u00e4nde und Boden wird jedoch nicht verzichtet.<\/p>\n<p><strong>Allison Road VR<\/strong> steht also in der Inspiration von P.T das entwickelt wurde es von Hideo Kojima dem Erfinder von Metal Gear Solid. Zur Zeit ist der Titel noch in Entwicklung aber das Ver\u00f6ffentliche Game Play Material ist sehr viel versprechend Horror Angst Schock Momente, es ist schon erstaunlich was das Team Lillth in den letzten Monaten erreicht hat. Wie man es auch dreht und wendet das ein\u00a0 oder andere Projekt gro\u00dfer entwickler Studios steht im Schatten dieses Spiels. Wir erkennen die starken Einfl\u00fcsse von Hideo Kojimas Demo P.T ohne Zweifel wieder. Es bleibt jedoch noch ab zu warten ob Allison Road VR wirklich nun der Ableger von dem gescheiterten Project von Konami und Hideo Kojima Silent Hill wird.<\/p>\n<p>Das Spiel soll auch wie viele andere Games ein Virtual Reality Abenteur werden, ob das Spiel zeitgleich mit der Playstation VR Brille erscheint wird noch abzuwarten sein. immer\u00a0Aktuelle News zu Playstation VR Spiele gibt es bei PS4 Morpheus News.<\/p>\n<p><a href=\"http:\/\/www.ps4-morpheus.com\">Hier gehts zur Startseite von Allison Road VR &#8211; Aktuelle News zu Playstation VR Spiele &#8211; Allison Road PS4 Virtual Reality Spiel &#8211; PS4 Morpheus.<\/a><\/p>\n","protected":false},"excerpt":{"rendered":"<p>Allison Road VR &#8211; Aktuelle News zu Playstation VR Spiele &#8211; Allison Road PS4 Virtual Reality Spiel &#8211; PS4 Morpheus. Allison Road Virtual Reality soll im Stil von PT oder auch Silent Hills stehen und als\u00a0 Playstation VR Spiel f\u00fcr die PS4 VR Brille von Sony erscheinen. Konami nahm vor geraumer Zeit die Demo des &#8230; <a title=\"Allison Road VR &#8211; Aktuelle News zu Playstation VR Spiele &#8211; Allison Road PS4 Virtual Reality Spiel &#8211; PS4 Morpheus\" class=\"read-more\" href=\"https:\/\/12websolutionsmarketing.com\/ps4morpheus-gaming\/ps4-vr-spiele\/allison-road-vr-aktuelle-news-zu-playstation-vr-spiele-allison-road-ps4-virtual-reality-spiel-ps4-morpheus\/\" aria-label=\"Mehr dazu unter Allison Road VR &#8211; Aktuelle News zu Playstation VR Spiele &#8211; Allison Road PS4 Virtual Reality Spiel &#8211; PS4 Morpheus\">Weiterlesen<\/a><\/p>\n","protected":false},"author":5,"featured_media":0,"parent":267,"menu_order":0,"comment_status":"closed","ping_status":"closed","template":"page-templates\/full-width.php","meta":{"jetpack_post_was_ever_published":false,"footnotes":""},"class_list":["post-11","page","type-page","status-publish"],"yoast_head":"<!-- This site is optimized with the Yoast SEO plugin v19.10 - https:\/\/yoast.com\/wordpress\/plugins\/seo\/ -->\n<title>Allison Road VR - Aktuelle News zu Playstation VR Spiele - Allison Road PS4 Virtual Reality Spiel - PS4 Morpheus - PS4 Morpheus<\/title>\n<meta name=\"description\" content=\"Allison Road VR - Aktuelle News zu Playstation VR Spiele - Allison Road PS4 Virtual Reality Spiel - PS4 Morpheus. Allison Road Virtual Realitay im PT Stil.\" \/>\n<meta name=\"robots\" content=\"index, follow, max-snippet:-1, max-image-preview:large, max-video-preview:-1\" \/>\n<link rel=\"canonical\" href=\"https:\/\/12websolutionsmarketing.com\/ps4morpheus-gaming\/ps4-vr-spiele\/allison-road-vr-aktuelle-news-zu-playstation-vr-spiele-allison-road-ps4-virtual-reality-spiel-ps4-morpheus\/\" \/>\n<meta property=\"og:locale\" content=\"de_DE\" \/>\n<meta property=\"og:type\" content=\"article\" \/>\n<meta property=\"og:title\" content=\"Allison Road VR - Aktuelle News zu Playstation VR Spiele - Allison Road PS4 Virtual Reality Spiel - PS4 Morpheus - PS4 Morpheus\" \/>\n<meta property=\"og:description\" content=\"Allison Road VR - Aktuelle News zu Playstation VR Spiele - Allison Road PS4 Virtual Reality Spiel - PS4 Morpheus. Allison Road Virtual Realitay im PT Stil.\" \/>\n<meta property=\"og:url\" content=\"https:\/\/12websolutionsmarketing.com\/ps4morpheus-gaming\/ps4-vr-spiele\/allison-road-vr-aktuelle-news-zu-playstation-vr-spiele-allison-road-ps4-virtual-reality-spiel-ps4-morpheus\/\" \/>\n<meta property=\"og:site_name\" content=\"PS4 Morpheus\" \/>\n<meta property=\"og:image\" content=\"http:\/\/12websolutionsmarketing.com\/ps4morpheus-gaming\/wp-content\/uploads\/sites\/9\/2016\/03\/Allison-Road-VR.jpg\" \/>\n<meta name=\"twitter:card\" content=\"summary_large_image\" \/>\n<meta name=\"twitter:label1\" content=\"Gesch\u00e4tzte Lesezeit\" \/>\n\t<meta name=\"twitter:data1\" content=\"6\u00a0Minuten\" \/>\n<script type=\"application\/ld+json\" class=\"yoast-schema-graph\">{\"@context\":\"https:\/\/schema.org\",\"@graph\":[{\"@type\":\"WebPage\",\"@id\":\"https:\/\/12websolutionsmarketing.com\/ps4morpheus-gaming\/ps4-vr-spiele\/allison-road-vr-aktuelle-news-zu-playstation-vr-spiele-allison-road-ps4-virtual-reality-spiel-ps4-morpheus\/\",\"url\":\"https:\/\/12websolutionsmarketing.com\/ps4morpheus-gaming\/ps4-vr-spiele\/allison-road-vr-aktuelle-news-zu-playstation-vr-spiele-allison-road-ps4-virtual-reality-spiel-ps4-morpheus\/\",\"name\":\"Allison Road VR - Aktuelle News zu Playstation VR Spiele - Allison Road PS4 Virtual Reality Spiel - PS4 Morpheus - PS4 Morpheus\",\"isPartOf\":{\"@id\":\"https:\/\/12websolutionsmarketing.com\/ps4morpheus-gaming\/#website\"},\"datePublished\":\"2016-03-12T23:47:35+00:00\",\"dateModified\":\"2016-03-12T23:47:35+00:00\",\"description\":\"Allison Road VR - Aktuelle News zu Playstation VR Spiele - Allison Road PS4 Virtual Reality Spiel - PS4 Morpheus. Allison Road Virtual Realitay im PT Stil.\",\"breadcrumb\":{\"@id\":\"https:\/\/12websolutionsmarketing.com\/ps4morpheus-gaming\/ps4-vr-spiele\/allison-road-vr-aktuelle-news-zu-playstation-vr-spiele-allison-road-ps4-virtual-reality-spiel-ps4-morpheus\/#breadcrumb\"},\"inLanguage\":\"de\",\"potentialAction\":[{\"@type\":\"ReadAction\",\"target\":[\"https:\/\/12websolutionsmarketing.com\/ps4morpheus-gaming\/ps4-vr-spiele\/allison-road-vr-aktuelle-news-zu-playstation-vr-spiele-allison-road-ps4-virtual-reality-spiel-ps4-morpheus\/\"]}]},{\"@type\":\"BreadcrumbList\",\"@id\":\"https:\/\/12websolutionsmarketing.com\/ps4morpheus-gaming\/ps4-vr-spiele\/allison-road-vr-aktuelle-news-zu-playstation-vr-spiele-allison-road-ps4-virtual-reality-spiel-ps4-morpheus\/#breadcrumb\",\"itemListElement\":[{\"@type\":\"ListItem\",\"position\":1,\"name\":\"Startseite\",\"item\":\"https:\/\/12websolutionsmarketing.com\/ps4morpheus-gaming\/\"},{\"@type\":\"ListItem\",\"position\":2,\"name\":\"PS4 VR Spiele\",\"item\":\"https:\/\/12websolutionsmarketing.com\/ps4morpheus-gaming\/ps4-vr-spiele\/\"},{\"@type\":\"ListItem\",\"position\":3,\"name\":\"Allison Road VR &#8211; Aktuelle News zu Playstation VR Spiele &#8211; Allison Road PS4 Virtual Reality Spiel &#8211; PS4 Morpheus\"}]},{\"@type\":\"WebSite\",\"@id\":\"https:\/\/12websolutionsmarketing.com\/ps4morpheus-gaming\/#website\",\"url\":\"https:\/\/12websolutionsmarketing.com\/ps4morpheus-gaming\/\",\"name\":\"PS4 Morpheus\",\"description\":\"Eine weitere 12websolutionsmarketing.com Websites Website\",\"potentialAction\":[{\"@type\":\"SearchAction\",\"target\":{\"@type\":\"EntryPoint\",\"urlTemplate\":\"https:\/\/12websolutionsmarketing.com\/ps4morpheus-gaming\/?s={search_term_string}\"},\"query-input\":\"required name=search_term_string\"}],\"inLanguage\":\"de\"}]}<\/script>\n<!-- \/ Yoast SEO plugin. -->","yoast_head_json":{"title":"Allison Road VR - Aktuelle News zu Playstation VR Spiele - Allison Road PS4 Virtual Reality Spiel - PS4 Morpheus - PS4 Morpheus","description":"Allison Road VR - Aktuelle News zu Playstation VR Spiele - Allison Road PS4 Virtual Reality Spiel - PS4 Morpheus. Allison Road Virtual Realitay im PT Stil.","robots":{"index":"index","follow":"follow","max-snippet":"max-snippet:-1","max-image-preview":"max-image-preview:large","max-video-preview":"max-video-preview:-1"},"canonical":"https:\/\/12websolutionsmarketing.com\/ps4morpheus-gaming\/ps4-vr-spiele\/allison-road-vr-aktuelle-news-zu-playstation-vr-spiele-allison-road-ps4-virtual-reality-spiel-ps4-morpheus\/","og_locale":"de_DE","og_type":"article","og_title":"Allison Road VR - Aktuelle News zu Playstation VR Spiele - Allison Road PS4 Virtual Reality Spiel - PS4 Morpheus - PS4 Morpheus","og_description":"Allison Road VR - Aktuelle News zu Playstation VR Spiele - Allison Road PS4 Virtual Reality Spiel - PS4 Morpheus. Allison Road Virtual Realitay im PT Stil.","og_url":"https:\/\/12websolutionsmarketing.com\/ps4morpheus-gaming\/ps4-vr-spiele\/allison-road-vr-aktuelle-news-zu-playstation-vr-spiele-allison-road-ps4-virtual-reality-spiel-ps4-morpheus\/","og_site_name":"PS4 Morpheus","og_image":[{"url":"http:\/\/12websolutionsmarketing.com\/ps4morpheus-gaming\/wp-content\/uploads\/sites\/9\/2016\/03\/Allison-Road-VR.jpg"}],"twitter_card":"summary_large_image","twitter_misc":{"Gesch\u00e4tzte Lesezeit":"6\u00a0Minuten"},"schema":{"@context":"https:\/\/schema.org","@graph":[{"@type":"WebPage","@id":"https:\/\/12websolutionsmarketing.com\/ps4morpheus-gaming\/ps4-vr-spiele\/allison-road-vr-aktuelle-news-zu-playstation-vr-spiele-allison-road-ps4-virtual-reality-spiel-ps4-morpheus\/","url":"https:\/\/12websolutionsmarketing.com\/ps4morpheus-gaming\/ps4-vr-spiele\/allison-road-vr-aktuelle-news-zu-playstation-vr-spiele-allison-road-ps4-virtual-reality-spiel-ps4-morpheus\/","name":"Allison Road VR - Aktuelle News zu Playstation VR Spiele - Allison Road PS4 Virtual Reality Spiel - PS4 Morpheus - PS4 Morpheus","isPartOf":{"@id":"https:\/\/12websolutionsmarketing.com\/ps4morpheus-gaming\/#website"},"datePublished":"2016-03-12T23:47:35+00:00","dateModified":"2016-03-12T23:47:35+00:00","description":"Allison Road VR - Aktuelle News zu Playstation VR Spiele - Allison Road PS4 Virtual Reality Spiel - PS4 Morpheus. Allison Road Virtual Realitay im PT Stil.","breadcrumb":{"@id":"https:\/\/12websolutionsmarketing.com\/ps4morpheus-gaming\/ps4-vr-spiele\/allison-road-vr-aktuelle-news-zu-playstation-vr-spiele-allison-road-ps4-virtual-reality-spiel-ps4-morpheus\/#breadcrumb"},"inLanguage":"de","potentialAction":[{"@type":"ReadAction","target":["https:\/\/12websolutionsmarketing.com\/ps4morpheus-gaming\/ps4-vr-spiele\/allison-road-vr-aktuelle-news-zu-playstation-vr-spiele-allison-road-ps4-virtual-reality-spiel-ps4-morpheus\/"]}]},{"@type":"BreadcrumbList","@id":"https:\/\/12websolutionsmarketing.com\/ps4morpheus-gaming\/ps4-vr-spiele\/allison-road-vr-aktuelle-news-zu-playstation-vr-spiele-allison-road-ps4-virtual-reality-spiel-ps4-morpheus\/#breadcrumb","itemListElement":[{"@type":"ListItem","position":1,"name":"Startseite","item":"https:\/\/12websolutionsmarketing.com\/ps4morpheus-gaming\/"},{"@type":"ListItem","position":2,"name":"PS4 VR Spiele","item":"https:\/\/12websolutionsmarketing.com\/ps4morpheus-gaming\/ps4-vr-spiele\/"},{"@type":"ListItem","position":3,"name":"Allison Road VR &#8211; Aktuelle News zu Playstation VR Spiele &#8211; Allison Road PS4 Virtual Reality Spiel &#8211; PS4 Morpheus"}]},{"@type":"WebSite","@id":"https:\/\/12websolutionsmarketing.com\/ps4morpheus-gaming\/#website","url":"https:\/\/12websolutionsmarketing.com\/ps4morpheus-gaming\/","name":"PS4 Morpheus","description":"Eine weitere 12websolutionsmarketing.com Websites Website","potentialAction":[{"@type":"SearchAction","target":{"@type":"EntryPoint","urlTemplate":"https:\/\/12websolutionsmarketing.com\/ps4morpheus-gaming\/?s={search_term_string}"},"query-input":"required name=search_term_string"}],"inLanguage":"de"}]}},"jetpack_sharing_enabled":true,"jetpack_shortlink":"https:\/\/wp.me\/P8acEh-b","_links":{"self":[{"href":"https:\/\/12websolutionsmarketing.com\/ps4morpheus-gaming\/wp-json\/wp\/v2\/pages\/11","targetHints":{"allow":["GET"]}}],"collection":[{"href":"https:\/\/12websolutionsmarketing.com\/ps4morpheus-gaming\/wp-json\/wp\/v2\/pages"}],"about":[{"href":"https:\/\/12websolutionsmarketing.com\/ps4morpheus-gaming\/wp-json\/wp\/v2\/types\/page"}],"author":[{"embeddable":true,"href":"https:\/\/12websolutionsmarketing.com\/ps4morpheus-gaming\/wp-json\/wp\/v2\/users\/5"}],"replies":[{"embeddable":true,"href":"https:\/\/12websolutionsmarketing.com\/ps4morpheus-gaming\/wp-json\/wp\/v2\/comments?post=11"}],"version-history":[{"count":0,"href":"https:\/\/12websolutionsmarketing.com\/ps4morpheus-gaming\/wp-json\/wp\/v2\/pages\/11\/revisions"}],"up":[{"embeddable":true,"href":"https:\/\/12websolutionsmarketing.com\/ps4morpheus-gaming\/wp-json\/wp\/v2\/pages\/267"}],"wp:attachment":[{"href":"https:\/\/12websolutionsmarketing.com\/ps4morpheus-gaming\/wp-json\/wp\/v2\/media?parent=11"}],"curies":[{"name":"wp","href":"https:\/\/api.w.org\/{rel}","templated":true}]}}