{"id":221,"date":"2016-03-20T21:20:55","date_gmt":"2016-03-20T20:20:55","guid":{"rendered":"http:\/\/www.ps4-morpheus.com\/?page_id=221"},"modified":"2016-03-20T21:20:55","modified_gmt":"2016-03-20T20:20:55","slug":"robinson-the-journey-ps4-virtual-reality-spiel-informationen-zum-robinson-the-journey-ps4-vr-game-robinson-vr-playstation-4-spiel-von-crytek-ps4-morpheus","status":"publish","type":"page","link":"https:\/\/12websolutionsmarketing.com\/ps4morpheus-gaming\/ps4-vr-spiele\/robinson-the-journey-ps4-virtual-reality-spiel-informationen-zum-robinson-the-journey-ps4-vr-game-robinson-vr-playstation-4-spiel-von-crytek-ps4-morpheus\/","title":{"rendered":"Robinson The journey PS4 Virtual Reality Spiel &#8211; Informationen zum Robinson The Journey PS4 VR Game &#8211; Robinson VR Playstation 4 Spiel von Crytek &#8211; PS4 Morpheus"},"content":{"rendered":"<p>Robinson The journey PS4 Virtual Reality Spiel &#8211; Informationen zum Robinson The Journey PS4 VR Game &#8211; Robinson VR Playstation 4 Spiel von Crytek &#8211; PS4 Morpheus. Das deutsche Entwickler Team Crytek, ans\u00e4ssig in Frankfurt und bekannt durch Spiele wie Far Cry, Crysis, Homefront und Redemption arbeiteten\u00a0 zurzeit an einem Urzeit Playstation Virtual Realtiy\u00a0 exklusiv Spiel, dies gab der Spiele Entwickler auf der Paris Games Week 2015 bekannt. Das Spiel soll exklusiv f\u00fcr Sony&#8217;s Virtual Reality Brille entwickelt und ver\u00f6ffentlicht werden.<\/p>\n<figure id=\"attachment_283\" aria-describedby=\"caption-attachment-283\" style=\"width: 555px\" class=\"wp-caption alignnone\"><img fetchpriority=\"high\" decoding=\"async\" class=\"wp-image-283\" src=\"http:\/\/www.ps4-morpheus.com\/wp-content\/blogs.dir\/20\/files\/2016\/03\/Robinson-The-journey-PS4-Virtual-Reality-Spiel-300x169.jpg\" alt=\"Robinson The journey PS4 Virtual Reality Spiel\" width=\"565\" height=\"318\" srcset=\"https:\/\/12websolutionsmarketing.com\/ps4morpheus-gaming\/wp-content\/uploads\/sites\/9\/2016\/03\/Robinson-The-journey-PS4-Virtual-Reality-Spiel-300x169.jpg 300w, https:\/\/12websolutionsmarketing.com\/ps4morpheus-gaming\/wp-content\/uploads\/sites\/9\/2016\/03\/Robinson-The-journey-PS4-Virtual-Reality-Spiel.jpg 600w\" sizes=\"(max-width: 565px) 100vw, 565px\" \/><figcaption id=\"caption-attachment-283\" class=\"wp-caption-text\">Robinson The journey PS4 Virtual Reality Spiel<\/figcaption><\/figure>\n<p>&nbsp;<\/p>\n<h2 style=\"text-align: center\">Robinson The journey PS4 Virtual Reality Spiel &#8211; Informationen zum Robinson The Journey PS4 VR Game &#8211; Robinson VR Playstation 4 Spiel von Crytek &#8211; PS4 Morpheus<\/h2>\n<p>David Bowman Production Director bei dem Entwickler Team Crytek hat sich bez\u00fcglich des\u00a0<span style=\"text-decoration: underline\">Robinson The journey PS4 Virtual Reality Spiel<\/span> gemeldet.<em> Informationen zum Robinson The Journey PS4 VR Game<\/em> bzw. VR-Systeme sind f\u00fcr David Bowman in erster Linie nicht nur eine kurzzeitige Mode Erscheinung, sondern viel mehr eine neue Art und Weise Spiele \u00a0viel intensiver zu Erleben. Nach\u00a0<em>Informationen zum Robinson The Journey PS4 VR Game von<\/em> Crytek arbeiten diese laut eigenen Aussagen die letzten 15 Jahre an neuen Engine sowie neue Tools f\u00fcr zuk\u00fcnftige PS4 VR Brillen. Bei Crytek hat man schon immer darauf geachtet das neue Technologien immer weiter voran getrieben werden, so ist es nicht sehr \u00fcberraschend das Crytek sich entschlossen hat PS4 Morpheus Produkte wie das<em>\u00a0Robinson The journey PS4 Virtual Reality Spiel<\/em> exklusiv f\u00fcr Sony Playstation zu entwickeln.<\/p>\n<p><span class=\"embed-youtube\" style=\"text-align:center; display: block;\"><iframe class=\"youtube-player\" width=\"1200\" height=\"675\" src=\"https:\/\/www.youtube.com\/embed\/LGMfhVMB38I?version=3&#038;rel=1&#038;showsearch=0&#038;showinfo=1&#038;iv_load_policy=1&#038;fs=1&#038;hl=de-DE&#038;autohide=2&#038;wmode=transparent\" allowfullscreen=\"true\" style=\"border:0;\" sandbox=\"allow-scripts allow-same-origin allow-popups allow-presentation\"><\/iframe><\/span><\/p>\n<p>Das Entwickler Team Crytek will demonstrieren was mit dem Robinson The journey PS4 Virtual Reality Spiel und der neuen CryEngine m\u00f6glich ist. Hochdetaillierte Spielwelten und ein unvergessliches Spielerlebnis wird einem in dem VR\u00a0Spiel f\u00fcr die Playstation VR Brille erm\u00f6glicht. Unter Druck lassen sich die VR Spiele Entwickler nicht setzten, sagen zumindest die Informationen zum Robinson The Journey PS4 VR Game, da man talentierte und engagierte Entwickler hat, die hoch motiviert an dem neuen\u00a0Robinson The journey PS4 Virtual Reality Spiel arbeiten.<\/p>\n<p><strong> Robinson The journey PS4 Virtual Reality Spiel<\/strong> beginnt damit das der junge Protagonist auf einem au\u00dferirdischen Planeten notgelandet ist und wir diesen Planeten voller unbekannter Lebewesen erkunden m\u00fcssen. Mit unserm treuen Ki Begleiter an der Seite werden wir uns immer wieder mitten im Geschehen vom\u00a0<span style=\"text-decoration: underline\">Robinson VR Playstation 4 Spiel von Crytek<\/span> wieder finden. Dinosaurier und andere Urzeit Kreaturen werden wir auf unserm Abenteuer erleben. Mit der Umgebung werden wir wohl des \u00f6fteren interagieren, da\u00a0Robinson The journey PS4 Virtual Reality Spiel ein Virtual Reality Game ist und wir mit der PS4 Brille die Bewegungen mittels Sensoren bzw. USB Kabel an die Playstation 4 \u00fcbertragen. Das Gameplay wird, so vermuten wir, h\u00f6chstwahrscheinlich ein Action Adventure mit Survival-Elemente und starkem Erkundungsdrang sein. Die eigens entwickelte Firmen-Engine CryEngine, l\u00e4sst die Virtual Reality Umgebung von dem <strong>Robinson VR Playstation 4 Spiel von Crytek<\/strong> die wir durch die Playstation VR betrachten werden m\u00f6glichst realistisch und authentisch darstellen. Fotorealistische und Detail getreue hochaufl\u00f6sende Dinosaurier und andere Urzeit Kreaturen sorgen daf\u00fcr, dass das\u00a0<span style=\"text-decoration: underline\">Robinson The Journey PS4 VR Game<\/span> ein\u00a0unvergesslich Virtual-Reality Erlebnis und zu einem wiederkehrenden PS4 Morpheus Erlebnis werden soll.<\/p>\n<figure id=\"attachment_359\" aria-describedby=\"caption-attachment-359\" style=\"width: 290px\" class=\"wp-caption alignnone\"><img decoding=\"async\" class=\"size-medium wp-image-359\" src=\"http:\/\/12websolutionsmarketing.com\/ps4morpheus-gaming\/wp-content\/uploads\/sites\/9\/2016\/03\/Robinson-VR-Playstation-4-Spiel-von-Crytek-300x169.jpg\" alt=\"Robinson VR Playstation 4 Spiel von Crytek\" width=\"300\" height=\"169\" \/><figcaption id=\"caption-attachment-359\" class=\"wp-caption-text\">Robinson VR Playstation 4 Spiel von Crytek<\/figcaption><\/figure>\n<h3 style=\"text-align: center\">Robinson The journey PS4 Virtual Reality Spiel &#8211; Informationen zum Robinson The Journey PS4 VR Game &#8211; Robinson VR Playstation 4 Spiel von Crytek &#8211; PS4 Morpheus<\/h3>\n<p>Im Rahmen der Games Paris Week 2015 gab es auch erste interessante\u00a0<strong>Informationen zum Robinson The Journey PS4 VR Game<\/strong> und auch Gameplay Bilder des Spiels zu sehen.<\/p>\n<p>Zur Zeit k\u00f6nnt ihr auch die Demo Back to Dinosaur Island auf Steam kostenlos herunterladen. Um diese Demo jedoch spielen zu k\u00f6nnen ben\u00f6tigt ihr eine aktuelle Virtual Reality Brille und mindestens 16 GB Arbeitsspeicher, sowie eine aktuelle High End Grafikkarte, beispielsweise eine Geforce 870 oder Radeon 290 um den beeindruckenden Detail Grad in der Dinosaurier Demo\u00a0 darstellen und erleben zu k\u00f6nnen.\u00a0Die Textur Qualit\u00e4t sowie die Animationen der Inhalte in der Demo sind wirklich Spitze, wenn man die hohen Hardware Anforderungen erst einmal erf\u00fcllt hat. Bewegen k\u00f6nnen wir uns leider nicht in dem Virtual Reality Universum von Back to Dinosaur Island. Wir erleben dieses Szenario sehr passiv. Die Interaktivit\u00e4t in dieser Virtual Reality Demo ist sehr eingeschr\u00e4nkt, wir k\u00f6nnen nicht mehr agieren als zu Schauen und leicht mit dem Kopf auszuweichen.<\/p>\n<ul>\n<li>Moderne Grafik und Texturen innerhalb der CryEngine<\/li>\n<li>Nur mit virtual Reality Brille spielbar<\/li>\n<li>unbekanntes Release Datum vom Robinson Game<\/li>\n<li>Noch kein offizieller VR Spiele Preis bekannt gegeben<\/li>\n<\/ul>\n<p>Um kurz auf die Anordnung des VR Areales einzugehen: Es wirkt durch die VR Brille, wenn man sich auf das Szenario einl\u00e4sst, so als w\u00e4re die Umwelt der virtuellen Realit\u00e4t, also der Dschungel in dem wir uns derzeit befinden, etwa 30-35 Meter von dem Spieler\u00a0entfernt. Der Hintergrund sieht\u00a0allerdings so aus, als w\u00e4ren die B\u00e4ume, die sich in der ferne befinden einfache Pappaufsteller, aber davon sollte man sich nicht abschrecken lassen.<\/p>\n<p>Die Szene mit dem Dinosaurier hat uns am meisten beeindruckt es wirkt wirklich Real, als k\u00f6nnten wir den Atem des Dinosauriers in unserm Gesicht sp\u00fcren. Detail sowie Texturen des Dinosaurier sind den Entwicklern wirklich mehr als gut gelungen. Die Demo sieht wirklich Phantastisch aus, allerdings sieht der Hintergrund durch die Occulus Rift etwas Unscharf aus.<\/p>\n<p>Wir k\u00f6nnen jeden Menschen nur ans Herz legen, dieses VR Erlebnis selbst zu erleben. Eine Erfahrung ist die Demo Back to Dinosaur Island allemal wert, wenn man sich f\u00fcr die Welt des Virtual Reality Gaming interessiert.<\/p>\n<p>Viele verl\u00e4ssliche Informationen oder Bild Material gibt es zum jetzigen Zeitpunkt leider noch nicht von dem Titel das exklusiv f\u00fcr die Playstation VR entwickelt werden soll.<\/p>\n<p>Das<em> Robinson VR Playstation 4 Spiel von Crytek\u00a0<\/em>wurde als CryEngine-VR-Demo vorgestellt. Weitere Informationen zum Robinson The Journey PS4 VR Game findet ihr im untern Abschnitt.<\/p>\n<p>&nbsp;<\/p>\n<figure id=\"attachment_281\" aria-describedby=\"caption-attachment-281\" style=\"width: 775px\" class=\"wp-caption alignnone\"><img decoding=\"async\" class=\"wp-image-281\" src=\"http:\/\/www.ps4-morpheus.com\/wp-content\/blogs.dir\/20\/files\/2016\/03\/Informationen-zum-Robinson-The-Journey-PS4-VR-Game-300x169.jpg\" alt=\"Informationen zum Robinson The Journey PS4 VR Game\" width=\"785\" height=\"442\" srcset=\"https:\/\/12websolutionsmarketing.com\/ps4morpheus-gaming\/wp-content\/uploads\/sites\/9\/2016\/03\/Informationen-zum-Robinson-The-Journey-PS4-VR-Game-300x169.jpg 300w, https:\/\/12websolutionsmarketing.com\/ps4morpheus-gaming\/wp-content\/uploads\/sites\/9\/2016\/03\/Informationen-zum-Robinson-The-Journey-PS4-VR-Game-768x432.jpg 768w, https:\/\/12websolutionsmarketing.com\/ps4morpheus-gaming\/wp-content\/uploads\/sites\/9\/2016\/03\/Informationen-zum-Robinson-The-Journey-PS4-VR-Game-1024x576.jpg 1024w, https:\/\/12websolutionsmarketing.com\/ps4morpheus-gaming\/wp-content\/uploads\/sites\/9\/2016\/03\/Informationen-zum-Robinson-The-Journey-PS4-VR-Game.jpg 1920w\" sizes=\"(max-width: 785px) 100vw, 785px\" \/><figcaption id=\"caption-attachment-281\" class=\"wp-caption-text\">Informationen zum Robinson The Journey PS4 VR Game<\/figcaption><\/figure>\n<p><a href=\"https:\/\/de.wikipedia.org\/wiki\/Crytek\" target=\"_blank\">Das sagt Wikipedia zu Robinson VR Playstation 4 Spiel von Crytek\u00a0<\/a><\/p>\n<blockquote><p>Die <b>Crytek GmbH<\/b> ist ein deutsches <a title=\"Spieleentwickler\" href=\"https:\/\/de.wikipedia.org\/wiki\/Spieleentwickler\">Spielentwicklungsunternehmen<\/a>, das im Jahr 1999 in <a title=\"Coburg\" href=\"https:\/\/de.wikipedia.org\/wiki\/Coburg\">Coburg<\/a> gegr\u00fcndet wurde. Im April 2006 wurde der Hauptsitz nach <a title=\"Frankfurt am Main\" href=\"https:\/\/de.wikipedia.org\/wiki\/Frankfurt_am_Main\">Frankfurt am Main<\/a> verlegt. Das Unternehmen besch\u00e4ftigt etwa 650 Mitarbeiter weltweit und betreibt neben dem Hauptstudio in Frankfurt noch sieben weitere Studios in <a title=\"Kiew\" href=\"https:\/\/de.wikipedia.org\/wiki\/Kiew\">Kiew<\/a>, <a title=\"Budapest\" href=\"https:\/\/de.wikipedia.org\/wiki\/Budapest\">Budapest<\/a>, <a title=\"Sofia\" href=\"https:\/\/de.wikipedia.org\/wiki\/Sofia\">Sofia<\/a>, <a title=\"Seoul\" href=\"https:\/\/de.wikipedia.org\/wiki\/Seoul\">Seoul<\/a>, <a title=\"Shanghai\" href=\"https:\/\/de.wikipedia.org\/wiki\/Shanghai\">Shanghai<\/a>, <a title=\"Istanbul\" href=\"https:\/\/de.wikipedia.org\/wiki\/Istanbul\">Istanbul<\/a> und <a title=\"Austin (Texas)\" href=\"https:\/\/de.wikipedia.org\/wiki\/Austin_%28Texas%29\">Austin (Texas)<\/a>. Damit ist Crytek eines der gr\u00f6\u00dften deutschen Unternehmen der Computerspiele-Branche.<\/p><\/blockquote>\n<p>Der deutsche Entwickler Crytek hat\u00a0<span style=\"text-decoration: underline\">Informationen zum Robinson The Journey PS4 VR Game <\/span>bekannt gegeben. F\u00fcr die Oculus Rift, PS4 VR und Windows PC soll der VR Titel entwickelt werden. Diese Aussage wurde vom Spiele Entwickler korrigiert, da dies wohl eine Fehlinformation war und Crytek gab im gleichen Zug bekannt, dass Robinson ein exklusiv PS4 Morpheus Spiel werden soll. Demnach werden also Oculus Rift Interessenten sowie Xbox One und Playstation 4 Spieler bei \u00a0Robinson The Journey VR entt\u00e4uscht werden. Einen offiziellen Release Termin f\u00fcr das Robinson VR Playstation 4 Spiel von Crytek gab der Entwickler nicht bekannt. Wir spekulieren allerdings, dass die Erscheinung von Robinson f\u00fcr PS4 VR 2016 zusammen mit der PS4 VR Brille im Oktober ver\u00f6ffentlicht wird.<\/p>\n<p>Dies ist aber reine Spekulation unsererseits. Sobald uns neue\u00a0 Informationen zu Robinson VR Playstation 4 Spiel von Crytek vorliegen werden wir sie mit euch schnellst m\u00f6glichst teilen.<\/p>\n<p><a href=\"http:\/\/www.ps4-morpheus.com\/ps4-vr-spiele\/allison-road-vr-aktuelle-news-zu-playstation-vr-spiele-allison-road-ps4-virtual-reality-spiel-ps4-morpheus\/\">Hier gibts mehr zum Thema\u00a0Robinson The journey PS4 Virtual Reality Spiel &#8211; Informationen zum Robinson The Journey PS4 VR Game &#8211; Robinson VR Playstation 4 Spiel von Crytek &#8211; PS4 Morpheus.<\/a><\/p>\n","protected":false},"excerpt":{"rendered":"<p>Robinson The journey PS4 Virtual Reality Spiel &#8211; Informationen zum Robinson The Journey PS4 VR Game &#8211; Robinson VR Playstation 4 Spiel von Crytek &#8211; PS4 Morpheus. Das deutsche Entwickler Team Crytek, ans\u00e4ssig in Frankfurt und bekannt durch Spiele wie Far Cry, Crysis, Homefront und Redemption arbeiteten\u00a0 zurzeit an einem Urzeit Playstation Virtual Realtiy\u00a0 exklusiv &#8230; <a title=\"Robinson The journey PS4 Virtual Reality Spiel &#8211; Informationen zum Robinson The Journey PS4 VR Game &#8211; Robinson VR Playstation 4 Spiel von Crytek &#8211; PS4 Morpheus\" class=\"read-more\" href=\"https:\/\/12websolutionsmarketing.com\/ps4morpheus-gaming\/ps4-vr-spiele\/robinson-the-journey-ps4-virtual-reality-spiel-informationen-zum-robinson-the-journey-ps4-vr-game-robinson-vr-playstation-4-spiel-von-crytek-ps4-morpheus\/\" aria-label=\"Mehr dazu unter Robinson The journey PS4 Virtual Reality Spiel &#8211; Informationen zum Robinson The Journey PS4 VR Game &#8211; Robinson VR Playstation 4 Spiel von Crytek &#8211; PS4 Morpheus\">Weiterlesen<\/a><\/p>\n","protected":false},"author":5,"featured_media":0,"parent":267,"menu_order":0,"comment_status":"closed","ping_status":"closed","template":"","meta":{"jetpack_post_was_ever_published":false,"footnotes":""},"class_list":["post-221","page","type-page","status-publish"],"yoast_head":"<!-- This site is optimized with the Yoast SEO plugin v19.10 - https:\/\/yoast.com\/wordpress\/plugins\/seo\/ -->\n<title>Robinson The journey PS4 Virtual Reality Spiel - Informationen zum Robinson The Journey PS4 VR Game - Robinson VR Playstation 4 Spiel von Crytek - PS4 Morpheus - PS4 Morpheus<\/title>\n<meta name=\"description\" content=\"Robinson The journey PS4 Virtual Reality Spiel - Informationen zum Robinson The Journey PS4 VR Game - Robinson VR Playstation 4 Spiel von Crytek.\" \/>\n<meta name=\"robots\" content=\"index, follow, max-snippet:-1, max-image-preview:large, max-video-preview:-1\" \/>\n<link rel=\"canonical\" href=\"https:\/\/12websolutionsmarketing.com\/ps4morpheus-gaming\/ps4-vr-spiele\/robinson-the-journey-ps4-virtual-reality-spiel-informationen-zum-robinson-the-journey-ps4-vr-game-robinson-vr-playstation-4-spiel-von-crytek-ps4-morpheus\/\" \/>\n<meta property=\"og:locale\" content=\"de_DE\" \/>\n<meta property=\"og:type\" content=\"article\" \/>\n<meta property=\"og:title\" content=\"Robinson The journey PS4 Virtual Reality Spiel - Informationen zum Robinson The Journey PS4 VR Game - Robinson VR Playstation 4 Spiel von Crytek - PS4 Morpheus - PS4 Morpheus\" \/>\n<meta property=\"og:description\" content=\"Robinson The journey PS4 Virtual Reality Spiel - Informationen zum Robinson The Journey PS4 VR Game - Robinson VR Playstation 4 Spiel von Crytek.\" \/>\n<meta property=\"og:url\" content=\"https:\/\/12websolutionsmarketing.com\/ps4morpheus-gaming\/ps4-vr-spiele\/robinson-the-journey-ps4-virtual-reality-spiel-informationen-zum-robinson-the-journey-ps4-vr-game-robinson-vr-playstation-4-spiel-von-crytek-ps4-morpheus\/\" \/>\n<meta property=\"og:site_name\" content=\"PS4 Morpheus\" \/>\n<meta property=\"og:image\" content=\"http:\/\/www.ps4-morpheus.com\/wp-content\/blogs.dir\/20\/files\/2016\/03\/Robinson-The-journey-PS4-Virtual-Reality-Spiel-300x169.jpg\" \/>\n<meta name=\"twitter:card\" content=\"summary_large_image\" \/>\n<meta name=\"twitter:label1\" content=\"Gesch\u00e4tzte Lesezeit\" \/>\n\t<meta name=\"twitter:data1\" content=\"6\u00a0Minuten\" \/>\n<script type=\"application\/ld+json\" class=\"yoast-schema-graph\">{\"@context\":\"https:\/\/schema.org\",\"@graph\":[{\"@type\":\"WebPage\",\"@id\":\"https:\/\/12websolutionsmarketing.com\/ps4morpheus-gaming\/ps4-vr-spiele\/robinson-the-journey-ps4-virtual-reality-spiel-informationen-zum-robinson-the-journey-ps4-vr-game-robinson-vr-playstation-4-spiel-von-crytek-ps4-morpheus\/\",\"url\":\"https:\/\/12websolutionsmarketing.com\/ps4morpheus-gaming\/ps4-vr-spiele\/robinson-the-journey-ps4-virtual-reality-spiel-informationen-zum-robinson-the-journey-ps4-vr-game-robinson-vr-playstation-4-spiel-von-crytek-ps4-morpheus\/\",\"name\":\"Robinson The journey PS4 Virtual Reality Spiel - Informationen zum Robinson The Journey PS4 VR Game - Robinson VR Playstation 4 Spiel von Crytek - PS4 Morpheus - PS4 Morpheus\",\"isPartOf\":{\"@id\":\"https:\/\/12websolutionsmarketing.com\/ps4morpheus-gaming\/#website\"},\"datePublished\":\"2016-03-20T20:20:55+00:00\",\"dateModified\":\"2016-03-20T20:20:55+00:00\",\"description\":\"Robinson The journey PS4 Virtual Reality Spiel - Informationen zum Robinson The Journey PS4 VR Game - Robinson VR Playstation 4 Spiel von Crytek.\",\"breadcrumb\":{\"@id\":\"https:\/\/12websolutionsmarketing.com\/ps4morpheus-gaming\/ps4-vr-spiele\/robinson-the-journey-ps4-virtual-reality-spiel-informationen-zum-robinson-the-journey-ps4-vr-game-robinson-vr-playstation-4-spiel-von-crytek-ps4-morpheus\/#breadcrumb\"},\"inLanguage\":\"de\",\"potentialAction\":[{\"@type\":\"ReadAction\",\"target\":[\"https:\/\/12websolutionsmarketing.com\/ps4morpheus-gaming\/ps4-vr-spiele\/robinson-the-journey-ps4-virtual-reality-spiel-informationen-zum-robinson-the-journey-ps4-vr-game-robinson-vr-playstation-4-spiel-von-crytek-ps4-morpheus\/\"]}]},{\"@type\":\"BreadcrumbList\",\"@id\":\"https:\/\/12websolutionsmarketing.com\/ps4morpheus-gaming\/ps4-vr-spiele\/robinson-the-journey-ps4-virtual-reality-spiel-informationen-zum-robinson-the-journey-ps4-vr-game-robinson-vr-playstation-4-spiel-von-crytek-ps4-morpheus\/#breadcrumb\",\"itemListElement\":[{\"@type\":\"ListItem\",\"position\":1,\"name\":\"Startseite\",\"item\":\"https:\/\/12websolutionsmarketing.com\/ps4morpheus-gaming\/\"},{\"@type\":\"ListItem\",\"position\":2,\"name\":\"PS4 VR Spiele\",\"item\":\"https:\/\/12websolutionsmarketing.com\/ps4morpheus-gaming\/ps4-vr-spiele\/\"},{\"@type\":\"ListItem\",\"position\":3,\"name\":\"Robinson The journey PS4 Virtual Reality Spiel &#8211; Informationen zum Robinson The Journey PS4 VR Game &#8211; Robinson VR Playstation 4 Spiel von Crytek &#8211; PS4 Morpheus\"}]},{\"@type\":\"WebSite\",\"@id\":\"https:\/\/12websolutionsmarketing.com\/ps4morpheus-gaming\/#website\",\"url\":\"https:\/\/12websolutionsmarketing.com\/ps4morpheus-gaming\/\",\"name\":\"PS4 Morpheus\",\"description\":\"Eine weitere 12websolutionsmarketing.com Websites Website\",\"potentialAction\":[{\"@type\":\"SearchAction\",\"target\":{\"@type\":\"EntryPoint\",\"urlTemplate\":\"https:\/\/12websolutionsmarketing.com\/ps4morpheus-gaming\/?s={search_term_string}\"},\"query-input\":\"required name=search_term_string\"}],\"inLanguage\":\"de\"}]}<\/script>\n<!-- \/ Yoast SEO plugin. -->","yoast_head_json":{"title":"Robinson The journey PS4 Virtual Reality Spiel - Informationen zum Robinson The Journey PS4 VR Game - Robinson VR Playstation 4 Spiel von Crytek - PS4 Morpheus - PS4 Morpheus","description":"Robinson The journey PS4 Virtual Reality Spiel - Informationen zum Robinson The Journey PS4 VR Game - Robinson VR Playstation 4 Spiel von Crytek.","robots":{"index":"index","follow":"follow","max-snippet":"max-snippet:-1","max-image-preview":"max-image-preview:large","max-video-preview":"max-video-preview:-1"},"canonical":"https:\/\/12websolutionsmarketing.com\/ps4morpheus-gaming\/ps4-vr-spiele\/robinson-the-journey-ps4-virtual-reality-spiel-informationen-zum-robinson-the-journey-ps4-vr-game-robinson-vr-playstation-4-spiel-von-crytek-ps4-morpheus\/","og_locale":"de_DE","og_type":"article","og_title":"Robinson The journey PS4 Virtual Reality Spiel - Informationen zum Robinson The Journey PS4 VR Game - Robinson VR Playstation 4 Spiel von Crytek - PS4 Morpheus - PS4 Morpheus","og_description":"Robinson The journey PS4 Virtual Reality Spiel - Informationen zum Robinson The Journey PS4 VR Game - Robinson VR Playstation 4 Spiel von Crytek.","og_url":"https:\/\/12websolutionsmarketing.com\/ps4morpheus-gaming\/ps4-vr-spiele\/robinson-the-journey-ps4-virtual-reality-spiel-informationen-zum-robinson-the-journey-ps4-vr-game-robinson-vr-playstation-4-spiel-von-crytek-ps4-morpheus\/","og_site_name":"PS4 Morpheus","og_image":[{"url":"http:\/\/www.ps4-morpheus.com\/wp-content\/blogs.dir\/20\/files\/2016\/03\/Robinson-The-journey-PS4-Virtual-Reality-Spiel-300x169.jpg"}],"twitter_card":"summary_large_image","twitter_misc":{"Gesch\u00e4tzte Lesezeit":"6\u00a0Minuten"},"schema":{"@context":"https:\/\/schema.org","@graph":[{"@type":"WebPage","@id":"https:\/\/12websolutionsmarketing.com\/ps4morpheus-gaming\/ps4-vr-spiele\/robinson-the-journey-ps4-virtual-reality-spiel-informationen-zum-robinson-the-journey-ps4-vr-game-robinson-vr-playstation-4-spiel-von-crytek-ps4-morpheus\/","url":"https:\/\/12websolutionsmarketing.com\/ps4morpheus-gaming\/ps4-vr-spiele\/robinson-the-journey-ps4-virtual-reality-spiel-informationen-zum-robinson-the-journey-ps4-vr-game-robinson-vr-playstation-4-spiel-von-crytek-ps4-morpheus\/","name":"Robinson The journey PS4 Virtual Reality Spiel - Informationen zum Robinson The Journey PS4 VR Game - Robinson VR Playstation 4 Spiel von Crytek - PS4 Morpheus - PS4 Morpheus","isPartOf":{"@id":"https:\/\/12websolutionsmarketing.com\/ps4morpheus-gaming\/#website"},"datePublished":"2016-03-20T20:20:55+00:00","dateModified":"2016-03-20T20:20:55+00:00","description":"Robinson The journey PS4 Virtual Reality Spiel - Informationen zum Robinson The Journey PS4 VR Game - Robinson VR Playstation 4 Spiel von Crytek.","breadcrumb":{"@id":"https:\/\/12websolutionsmarketing.com\/ps4morpheus-gaming\/ps4-vr-spiele\/robinson-the-journey-ps4-virtual-reality-spiel-informationen-zum-robinson-the-journey-ps4-vr-game-robinson-vr-playstation-4-spiel-von-crytek-ps4-morpheus\/#breadcrumb"},"inLanguage":"de","potentialAction":[{"@type":"ReadAction","target":["https:\/\/12websolutionsmarketing.com\/ps4morpheus-gaming\/ps4-vr-spiele\/robinson-the-journey-ps4-virtual-reality-spiel-informationen-zum-robinson-the-journey-ps4-vr-game-robinson-vr-playstation-4-spiel-von-crytek-ps4-morpheus\/"]}]},{"@type":"BreadcrumbList","@id":"https:\/\/12websolutionsmarketing.com\/ps4morpheus-gaming\/ps4-vr-spiele\/robinson-the-journey-ps4-virtual-reality-spiel-informationen-zum-robinson-the-journey-ps4-vr-game-robinson-vr-playstation-4-spiel-von-crytek-ps4-morpheus\/#breadcrumb","itemListElement":[{"@type":"ListItem","position":1,"name":"Startseite","item":"https:\/\/12websolutionsmarketing.com\/ps4morpheus-gaming\/"},{"@type":"ListItem","position":2,"name":"PS4 VR Spiele","item":"https:\/\/12websolutionsmarketing.com\/ps4morpheus-gaming\/ps4-vr-spiele\/"},{"@type":"ListItem","position":3,"name":"Robinson The journey PS4 Virtual Reality Spiel &#8211; Informationen zum Robinson The Journey PS4 VR Game &#8211; Robinson VR Playstation 4 Spiel von Crytek &#8211; PS4 Morpheus"}]},{"@type":"WebSite","@id":"https:\/\/12websolutionsmarketing.com\/ps4morpheus-gaming\/#website","url":"https:\/\/12websolutionsmarketing.com\/ps4morpheus-gaming\/","name":"PS4 Morpheus","description":"Eine weitere 12websolutionsmarketing.com Websites Website","potentialAction":[{"@type":"SearchAction","target":{"@type":"EntryPoint","urlTemplate":"https:\/\/12websolutionsmarketing.com\/ps4morpheus-gaming\/?s={search_term_string}"},"query-input":"required name=search_term_string"}],"inLanguage":"de"}]}},"jetpack_sharing_enabled":true,"jetpack_shortlink":"https:\/\/wp.me\/P8acEh-3z","_links":{"self":[{"href":"https:\/\/12websolutionsmarketing.com\/ps4morpheus-gaming\/wp-json\/wp\/v2\/pages\/221","targetHints":{"allow":["GET"]}}],"collection":[{"href":"https:\/\/12websolutionsmarketing.com\/ps4morpheus-gaming\/wp-json\/wp\/v2\/pages"}],"about":[{"href":"https:\/\/12websolutionsmarketing.com\/ps4morpheus-gaming\/wp-json\/wp\/v2\/types\/page"}],"author":[{"embeddable":true,"href":"https:\/\/12websolutionsmarketing.com\/ps4morpheus-gaming\/wp-json\/wp\/v2\/users\/5"}],"replies":[{"embeddable":true,"href":"https:\/\/12websolutionsmarketing.com\/ps4morpheus-gaming\/wp-json\/wp\/v2\/comments?post=221"}],"version-history":[{"count":0,"href":"https:\/\/12websolutionsmarketing.com\/ps4morpheus-gaming\/wp-json\/wp\/v2\/pages\/221\/revisions"}],"up":[{"embeddable":true,"href":"https:\/\/12websolutionsmarketing.com\/ps4morpheus-gaming\/wp-json\/wp\/v2\/pages\/267"}],"wp:attachment":[{"href":"https:\/\/12websolutionsmarketing.com\/ps4morpheus-gaming\/wp-json\/wp\/v2\/media?parent=221"}],"curies":[{"name":"wp","href":"https:\/\/api.w.org\/{rel}","templated":true}]}}